{"id":1184,"date":"2018-01-21T19:16:06","date_gmt":"2018-01-21T19:16:06","guid":{"rendered":"https:\/\/tourmagazinepublicidad.com\/?page_id=1184"},"modified":"2020-02-28T10:21:44","modified_gmt":"2020-02-28T10:21:44","slug":"where-you-can-read-us","status":"publish","type":"page","link":"https:\/\/tourmagazinepublicidad.com\/en\/where-you-can-read-us\/","title":{"rendered":"Where you can read us"},"content":{"rendered":"<p>[vc_section full_width=&#8221;stretch_row_content&#8221;][vc_row equal_height=&#8221;yes&#8221; css=&#8221;.vc_custom_1515118719984{margin: 0px !important;}&#8221;][vc_column width=&#8221;1\/2&#8243; el_class=&#8221;bloque-mapa&#8221; css=&#8221;.vc_custom_1582885133482{padding-top: 0px !important;padding-right: 0px !important;padding-bottom: 0px !important;padding-left: 0px !important;}&#8221;]<div class=\"gem-map-with-text\"><div class=\"gem-map-with-text-content\" style=\"\"><\/div><div class=\"gem-map-with-text-map\">[vc_gmaps link=\"#E-8_JTNDaWZyYW1lJTIwc3JjJTNEJTIyaHR0cHMlM0ElMkYlMkZ3d3cuZ29vZ2xlLmNvbSUyRm1hcHMlMkZkJTJGdSUyRjAlMkZlbWJlZCUzRm1pZCUzRDF4b08yWHM3TGJ2MGR2T0NObjJQRFZQcGdkZjQlMjIlMjB3aWR0aCUzRCUyMjY0MCUyMiUyMGhlaWdodCUzRCUyMjQ4MCUyMiUzRSUzQyUyRmlmcmFtZSUzRQ==\" size=\"646\" disable_scroll=\"1\"]<\/div><\/div>[\/vc_column][vc_column width=&#8221;1\/2&#8243; el_class=&#8221;bloque-provincia&#8221; css=&#8221;.vc_custom_1515128995670{background: #335b7b url(https:\/\/tourmagazinepublicidad.com\/wp-content\/uploads\/2018\/01\/fondo-donde-gipuzkoa.jpg?id=319) !important;background-position: center !important;background-repeat: no-repeat !important;background-size: cover !important;}&#8221;][vc_column_text]<\/p>\n<h2>Donostia \/ San Sebasti\u00e1n and Gipuzkoa:<\/h2>\n<p><strong>Donostia-San Sebasti\u00e1n<\/strong> Hotel Mar\u00eda Cristina &#8211; Hotel de Londres &#8211; Hotel Silken Amara Plaza &#8211; Hotel Barcel\u00f3 Costa Vasca &#8211; Hotel NH Aranzazu &#8211; Hotel Mercure Monte Igueldo &#8211; Hotel San Sebasti\u00e1n &#8211; Hotel Tryp Orly &#8211; Hotel Europa &#8211; Hotel Niza &#8211; Hotel Ezeiza &#8211; Hotel Anoeta &#8211; Hotel Villa Soro &#8211; Hotel Codina &#8211; Hotel La Galer\u00eda &#8211; Hotel Parma &#8211; Hotel Hesper\u00eda Donosti &#8211; Hotel Palacio de Aiete &#8211; Hotel Avenida &#8211; Hotel Astoria 7 &#8211; Hotel Irenaz Resort &#8211; Hotel Zaragoza &#8211; Hotel Zenit &#8211; Hotel Gudamendi &#8211; Hotel Arrizul Congress &#8211; Hotel Gran Bahia &#8211; Hotel Akelarre &#8211; Hotel Villa Birdie <strong>Arantzazu<\/strong> Hotel Santuario de Arantzazu <strong>Arrasate<\/strong> Hotel Santa Ana &#8211; Hotel Mondrag\u00f3n <strong>Beasain<\/strong> Hotel Dolarea <strong>Bidegoian<\/strong> Hotel Iriarte Jauregia <strong>Eibar<\/strong> Unzaga Plaza <strong>Getaria<\/strong> Saiaz Hotel &#8211; Hotel Iturregi &#8211; Hotel Gaintza &#8211; Hotel San Prudentzio <strong>Hondarribia<\/strong> Parador de Turismo &#8211; Hotel J\u00e1uregui &#8211; Hotel Obispo &#8211; Hotel R\u00edo Bidasoa &#8211; Hotel Jaizkibel &#8211; Hotel Urdanibia &#8211; Hotel Spa Villa Magalean <strong>Irun<\/strong> Hotel Alc\u00e1zar &#8211; Hotel Ibis &#8211; Hotel ETH &#8211; Hotel Atalaia Mutriku Hotel Arbe <strong>Oiartzun<\/strong> B&amp;B Hotel Donostia San Sebastian Aeropuerto &#8211; Hotel Usategieta &#8211; Hotel Malkorra Olaberria Hotel Castillo <strong>O\u00f1ati<\/strong> Hotel Torre Zumeltzegi Urnieta Hotel K10 <strong>Zarautz<\/strong> Hotel Zarautz &#8211; Hotel Argui\u00f1ano <strong>Zestoa<\/strong> Hotel Balneario de Zestoa[\/vc_column_text][\/vc_column][\/vc_row][vc_row equal_height=&#8221;yes&#8221; css=&#8221;.vc_custom_1515119477247{margin-top: -10px !important;}&#8221;][vc_column width=&#8221;1\/2&#8243; el_class=&#8221;bloque-provincia&#8221; css=&#8221;.vc_custom_1582885095687{background: #862d4b url(https:\/\/tourmagazinepublicidad.com\/wp-content\/uploads\/2018\/01\/fondo-donde-bizkaia.jpg?id=327) !important;background-position: center !important;background-repeat: no-repeat !important;background-size: cover !important;}&#8221;][vc_column_text]<\/p>\n<h2>Bilbao and Bizkaia:<\/h2>\n<p><strong>Bilbao<\/strong> Hotel L\u00f3pez de Haro &#8211; Hotel Carlton &#8211; Gran Hotel Domine Bilbao &#8211; Hotel Meli\u00e1 Bilbao &#8211; Hotel Mir\u00f3 &#8211; Hotel Ercilla &#8211; Hotel Hesperia Zubialde &#8211; Hotel Mercure Jardines de Albia &#8211; Hotel NH Villa de Bilbao &#8211; Hotel Hesperia Bilbao &#8211; Hotel Silken Indautxu &#8211; Hotel Zenit Bilbao &#8211; Hotel Abando &#8211; Hotel Gran Bilbao &#8211; Hotel Sercotel Coliseo &#8211; Hotel Barcel\u00f3 Nervi\u00f3n &#8211; Hotel Holiday Inn Bilbao &#8211; Hotel Photo Zabalburu &#8211; Hotel Conde Duque &#8211; Hotel Ilunion Bilbao <strong>Barakaldo<\/strong> Hotel Puerta de Bilbao <strong>Durango<\/strong> Gran Hotel Durango <strong>Gautegiz-Arteaga<\/strong> Hotel Castillo de Arteaga <strong>Getxo<\/strong> Hotel Ercilla Embarcadero &#8211; Hotel Igeretxe <strong>Gordexola<\/strong> Hotel Komentu Maitea <strong>Leioa<\/strong> Hotel NH La Avanzada <strong>Mungia<\/strong> Hotel Golf Palacio Urgoiti <strong>Muxika<\/strong> Hotel Aldori Landetxea <strong>Santurtzi<\/strong> Hotel URH Palacio de Oriol[\/vc_column_text][\/vc_column][vc_column width=&#8221;1\/2&#8243; el_class=&#8221;bloque-provincia&#8221; css=&#8221;.vc_custom_1515129022838{background: #4d8c8a url(https:\/\/tourmagazinepublicidad.com\/wp-content\/uploads\/2018\/01\/fondo-donde-araba.jpg?id=322) !important;background-position: center !important;background-repeat: no-repeat !important;background-size: cover !important;}&#8221;][vc_column_text]<\/p>\n<h2>Vitoria-Gasteiz and \u00c1lava:<\/h2>\n<p><strong>Vitoria-Gasteiz<\/strong> Gran Hotel Lakua &#8211; Hoteles Jardines de Uleta &#8211; Hotel Silken Ciudad de Vitoria &#8211; Hotel Canciller Ayala &#8211; Hotel Sercotel Boulevard Vitoria &#8211; Hotel Holiday Inn Express Vitoria &#8211; Hotel Gobeo Park &#8211; Hotel Restaurante Araba &#8211; Abba Jazz Hotel &#8211; AC Hotel General \u00c1lava &#8211; Hotel Palacio de Elorriaga &#8211; Hotel La Casa del Patr\u00f3n &#8211; Hotel Centro Vitoria &#8211; Casa de los Arquillos <strong>Arg\u00f3maniz<\/strong> Hotel Parador Nacional de Arg\u00f3maniz Bernedo Casa Rural Aitonaren Etxea &#8211; Gaztelubidea Casa Rural <strong>Elciego<\/strong> Marqu\u00e9s de Riscal <strong>Laguardia<\/strong> Hotel Villa de Laguardia &#8211; Hotel Hospeder\u00eda de los Parajes &#8211; Hotel Mayor de Migueloa <strong>Lagr\u00e1n<\/strong> Arriagaetxea <strong>Murgia<\/strong> Hotel La Casa del Patr\u00f3n &#8211; Hotel Nagusi Murgia <strong>Ribavellosa<\/strong> Hotelandgo <strong>Villabuena de \u00c1lava<\/strong> Hotel Viura[\/vc_column_text][\/vc_column][\/vc_row][vc_row equal_height=&#8221;yes&#8221; css=&#8221;.vc_custom_1582885281163{margin-top: -20px !important;}&#8221;][vc_column width=&#8221;1\/2&#8243; el_class=&#8221;bloque-provincia&#8221; css=&#8221;.vc_custom_1531305358567{background: #e8c35f url(https:\/\/tourmagazinepublicidad.com\/wp-content\/uploads\/2018\/07\/distribucion-larioja.jpg?id=2289) !important;background-position: center !important;background-repeat: no-repeat !important;background-size: cover !important;}&#8221;][vc_column_text]<\/p>\n<h2>La Rioja:<\/h2>\n<p class=\"p1\"><strong>Logro\u00f1o<\/strong> Gran Hotel AC La Rioja &#8211; Eurostars Fuerte Ruavieja &#8211; Hotel Calle Mayor &#8211; Hotel Carlton Rioja &#8211; Hotel Husa Gran V\u00eda &#8211; Hotel Los Bracos &#8211; Hotel NH Herencia Rioja &#8211; Hotel Ciudad de Logro\u00f1o &#8211; Hotel Condes de Haro &#8211; Hotel F&amp;G Logro\u00f1o &#8211; Hotel Las Gaunas &#8211; Hotel Marqu\u00e9s de Vallejo &#8211; Hotel Murrieta &#8211; Hotel NH Logro\u00f1o &#8211; Hotel Portales &#8211; Hotel Zenit Logro\u00f1o <strong>\u00c1balos<\/strong> Hospeder\u00eda del vino &#8211; Hotel Villa de \u00c1balos <strong>Alfaro<\/strong> Hotel Palacios <strong>Arnedillo<\/strong> Hotel El Olivar &#8211; Balneario Spa Arnedillo <strong>Arnedo<\/strong> Hotel Virrey <strong>Azofra<\/strong> Real Casona de las Amas <strong>Badar\u00e1n<\/strong> Hotel Conde de Badar\u00e1n <strong>Bri\u00f1as<\/strong> Hotel Se\u00f1or\u00edo de Bri\u00f1as <strong>Calahorra<\/strong> Hotel Zenit Calahorra &#8211; Parador de Calahorra <strong>Casalarreina<\/strong> Hospeder\u00eda Se\u00f1or\u00edo de Casalarreina <strong>Cuzcurrita del Rio Tir\u00f3n<\/strong> Hotel Teatrisso <strong>Entrena<\/strong> Hotel Finca de los Arandinos <strong>Ezcaray<\/strong> Hotel Echaurren &#8211; Hotel Palacio Azc\u00e1rate <strong>Gr\u00e1valo<\/strong> Hotel Bienestar Balneario de Gr\u00e1valos <strong>Haro<\/strong> Hotel Arrope &#8211; Hotel Ciudad de Haro &#8211; Hotel ETH Rioja &#8211; Hotel Los Agustinos &#8211; Luz Hotel <strong>N\u00e1jera<\/strong> Hotel Duques de N\u00e1jera <strong>Navarrete<\/strong> Hotel Rey Sancho &#8211; Hotel San Camilo <strong>Ortigosa de Cameros<\/strong> Hotel Se\u00f1or\u00edo de La Murada <strong>San Asensio<\/strong> Hotel La Capellania <strong>San Mill\u00e1n de la Cogolla<\/strong> Hoster\u00eda de San Mill\u00e1n de la Cogolla <strong>San Vicente de La Sonsierra<\/strong> Hotel Casona del Boticario <strong>Santo Domingo de la Calzada<\/strong> Hotel El Corregidor &#8211; Parador Bernardo de Fresneda &#8211; Parador Santo Domingo de la Calzada <strong>Tirgo<\/strong> Hotel Solar de Febrer <strong>Valga\u00f1\u00f3n<\/strong> Hotel Pura Vida<\/p>\n<p>[\/vc_column_text][\/vc_column][vc_column width=&#8221;1\/2&#8243; el_class=&#8221;bloque-provincia&#8221; css=&#8221;.vc_custom_1582885300986{background: #772a51 url(https:\/\/tourmagazinepublicidad.com\/wp-content\/uploads\/2020\/02\/fondo-donde-navarra.jpg?id=3708) !important;background-position: center !important;background-repeat: no-repeat !important;background-size: cover !important;}&#8221;][vc_column_text]<\/p>\n<h2>Navarra:<\/h2>\n<p class=\"p1\"><strong>Pamplona<\/strong> Gran Hotel La Perla &#8211; Abba Reino de Navarra &#8211; Albret &#8211; Blanca de Navarra &#8211; Iru\u00f1a Palace. Tres Reyes &#8211; Maisonnave &#8211; Muga de Beloso &#8211; NH Iru\u00f1a Park &#8211; Palacio de Guendulain &#8211; Pamplona Catedral Hotel &#8211; Spa Pompaelo <strong>Ablitas<\/strong> Ch\u00e2teau Pago de Cirsus <strong>Arantza<\/strong> Arantza Hotela <strong>Berrioplano<\/strong> Pamplona El Toro <strong>Cordovilla<\/strong> Zenit Pamplona <strong>Estella-Lizarra<\/strong> Hospeder\u00eda Chapitel &#8211; Tximista <strong>Gorr\u00e1iz<\/strong> Castillo de Gorraiz, Golf &amp; Spa <strong>Larraga<\/strong> Villa de Larraga <strong>Olite<\/strong> La Joyosa Guarda <strong>Orkoien<\/strong> And\u00eda <strong>Tafalla<\/strong> Hola Tafalla <strong>Tudela<\/strong> AC Ciudad de Tudela &#8211; Aire de Bardenas <strong>Viana<\/strong> Catalonia Las Ca\u00f1as <strong>Zizur<\/strong> Silken Zizur Pamplona<\/p>\n<p>[\/vc_column_text][\/vc_column][\/vc_row][\/vc_section]<\/p>\n","protected":false},"excerpt":{"rendered":"<p>[vc_section full_width=&#8221;stretch_row_content&#8221;][vc_row equal_height=&#8221;yes&#8221; css=&#8221;.vc_custom_1515118719984{margin: 0px !important;}&#8221;][vc_column width=&#8221;1\/2&#8243; el_class=&#8221;bloque-mapa&#8221; css=&#8221;.vc_custom_1582885133482{padding-top: 0px !important;padding-right: 0px !important;padding-bottom: 0px !important;padding-left: 0px !important;}&#8221;][\/vc_column][vc_column width=&#8221;1\/2&#8243; el_class=&#8221;bloque-provincia&#8221; css=&#8221;.vc_custom_1515128995670{background:&#8230;<\/p>\n","protected":false},"author":1,"featured_media":0,"parent":0,"menu_order":0,"comment_status":"closed","ping_status":"closed","template":"","meta":[],"_links":{"self":[{"href":"https:\/\/tourmagazinepublicidad.com\/en\/wp-json\/wp\/v2\/pages\/1184"}],"collection":[{"href":"https:\/\/tourmagazinepublicidad.com\/en\/wp-json\/wp\/v2\/pages"}],"about":[{"href":"https:\/\/tourmagazinepublicidad.com\/en\/wp-json\/wp\/v2\/types\/page"}],"author":[{"embeddable":true,"href":"https:\/\/tourmagazinepublicidad.com\/en\/wp-json\/wp\/v2\/users\/1"}],"replies":[{"embeddable":true,"href":"https:\/\/tourmagazinepublicidad.com\/en\/wp-json\/wp\/v2\/comments?post=1184"}],"version-history":[{"count":5,"href":"https:\/\/tourmagazinepublicidad.com\/en\/wp-json\/wp\/v2\/pages\/1184\/revisions"}],"predecessor-version":[{"id":3724,"href":"https:\/\/tourmagazinepublicidad.com\/en\/wp-json\/wp\/v2\/pages\/1184\/revisions\/3724"}],"wp:attachment":[{"href":"https:\/\/tourmagazinepublicidad.com\/en\/wp-json\/wp\/v2\/media?parent=1184"}],"curies":[{"name":"wp","href":"https:\/\/api.w.org\/{rel}","templated":true}]}}