{"id":18,"date":"2017-12-21T20:28:33","date_gmt":"2017-12-21T20:28:33","guid":{"rendered":"https:\/\/tourmagazinepublicidad.com\/?page_id=18"},"modified":"2021-06-22T10:52:57","modified_gmt":"2021-06-22T10:52:57","slug":"quienes-somos","status":"publish","type":"page","link":"https:\/\/tourmagazinepublicidad.com\/es\/quienes-somos\/","title":{"rendered":"Qui\u00e9nes somos"},"content":{"rendered":"<p>[vc_row css=\u00bb.vc_custom_1624359173509{padding-top: 5% !important;padding-bottom: 10% !important;}\u00bb][vc_column][vc_column_text css=\u00bb.vc_custom_1624352824358{margin-top: 2% !important;margin-bottom: 5% !important;}\u00bb]<\/p>\n<h2 style=\"text-align: center;\">Mostrando <em>a quienes nos visitan<\/em> lo mejor que tenemos<\/h2>\n<p>[\/vc_column_text][vc_column_text]Tour Magazine es un \u00e9xito empresarial local, original e innovador que, apostando por un producto de calidad, <strong>en papel y digital,<\/strong> ofrece la mejor imagen de Euskadi, La Rioja, Navarra y el Pays Basque\u00a0 entre quienes nos visitan y entre los profesionales del sector.<\/p>\n<p>En el verano de 1998, tras mucho esfuerzo y varios meses de pruebas, dudas e incertidumbre,\u00a0los primeros ejemplares de la reci\u00e9n creada revista <strong>Gipuzkoa Tour <\/strong>llegaban a las habitaciones\u00a0de los hoteles de 3, 4 y 5 estrellas de Donostia-San Sebasti\u00e1n y Gipuzkoa.<\/p>\n<p>El turismo en Euskadi en aquellos momentos nada ten\u00eda que ver con el desarrollo del\u00a0sector actualmente. El Guggenheim bilba\u00edno acababa de inaugurarse unos meses antes y el Kursaal donostiarra estaba a\u00fan en construcci\u00f3n.<\/p>\n<p>El plantear y poner en marcha aqu\u00ed un <strong>proyecto empresarial vinculado a la promoci\u00f3n\u00a0<\/strong><strong>tur\u00edstica y a la comunicaci\u00f3n<\/strong>, en ese momento, supuso una aut\u00e9ntica aventura, quiz\u00e1s\u00a0hasta una osad\u00eda.<\/p>\n<p>Aunque en las principales zonas tur\u00edsticas del mundo exist\u00edan ya publicaciones similares, no fue nada f\u00e1cil convencer a nuestros primeros anunciantes de que el turista pod\u00eda ser una fuente a\u00f1adida de ingresos para sus empresas.<\/p>\n<p>Y la aventura sali\u00f3 bien.<\/p>\n<p>En estos momentos <strong>Tour Magazine <\/strong>es un grupo empresarial que posee y gestiona las\u00a0Cabeceras &#8211; en papel y digital &#8211;\u00a0 de <strong>Bizkaia <\/strong>(desde 2011), <strong>Gipuzkoa <\/strong>(1998), <strong>Alava <\/strong>(desde 2016) y <strong>La Rioja <\/strong>(desde 2017). Yen 2020 <strong>Navarra <\/strong>se reincorpor\u00f3 al grupo editorial TM.<\/p>\n<p>Durante estos 21 a\u00f1os de existencia tambi\u00e9n hemos editado <strong>Cantabria Tour Magazine <\/strong>y <strong>Pays Basque Magazine<\/strong>.[\/vc_column_text][\/vc_column][\/vc_row]<\/p>\n","protected":false},"excerpt":{"rendered":"<p>[vc_row css=\u00bb.vc_custom_1624359173509{padding-top: 5% !important;padding-bottom: 10% !important;}\u00bb][vc_column][vc_column_text css=\u00bb.vc_custom_1624352824358{margin-top: 2% !important;margin-bottom: 5% !important;}\u00bb] Mostrando a quienes nos visitan lo mejor que tenemos&#8230;<\/p>\n","protected":false},"author":1,"featured_media":0,"parent":0,"menu_order":0,"comment_status":"closed","ping_status":"closed","template":"","meta":[],"_links":{"self":[{"href":"https:\/\/tourmagazinepublicidad.com\/es\/wp-json\/wp\/v2\/pages\/18"}],"collection":[{"href":"https:\/\/tourmagazinepublicidad.com\/es\/wp-json\/wp\/v2\/pages"}],"about":[{"href":"https:\/\/tourmagazinepublicidad.com\/es\/wp-json\/wp\/v2\/types\/page"}],"author":[{"embeddable":true,"href":"https:\/\/tourmagazinepublicidad.com\/es\/wp-json\/wp\/v2\/users\/1"}],"replies":[{"embeddable":true,"href":"https:\/\/tourmagazinepublicidad.com\/es\/wp-json\/wp\/v2\/comments?post=18"}],"version-history":[{"count":52,"href":"https:\/\/tourmagazinepublicidad.com\/es\/wp-json\/wp\/v2\/pages\/18\/revisions"}],"predecessor-version":[{"id":4576,"href":"https:\/\/tourmagazinepublicidad.com\/es\/wp-json\/wp\/v2\/pages\/18\/revisions\/4576"}],"wp:attachment":[{"href":"https:\/\/tourmagazinepublicidad.com\/es\/wp-json\/wp\/v2\/media?parent=18"}],"curies":[{"name":"wp","href":"https:\/\/api.w.org\/{rel}","templated":true}]}}